{"id":3804,"date":"2022-11-14T08:19:25","date_gmt":"2022-11-14T08:19:25","guid":{"rendered":"https:\/\/transtelsa.com\/?page_id=3804"},"modified":"2024-04-22T14:32:09","modified_gmt":"2024-04-22T14:32:09","slug":"politica-de-privacidad","status":"publish","type":"page","link":"https:\/\/transtelsa.com\/pt-pt\/politica-de-privacidad\/","title":{"rendered":"POL\u00cdTICA DE PRIVACIDADE"},"content":{"rendered":"<div class=\"wpb-content-wrapper\"><p>[vc_row el_class=&#8221;padding-mid-top,padding-mid-bottom&#8221; css=&#8221;.vc_custom_1680185338362{background-color: #aa182c !important;}&#8221;][vc_column width=&#8221;5\/6&#8243;][vc_column_text el_class=&#8221;color-blanco&#8221;]<\/p>\n<h1><strong>POL\u00cdTICA DE PRIVACIDADE<\/strong><\/h1>\n<p>[\/vc_column_text][\/vc_column][vc_column width=&#8221;1\/6&#8243;][\/vc_column][\/vc_row][vc_row el_class=&#8221;padding-row-bottom,padding-row-top&#8221;][vc_column][vc_column_text el_class=&#8221;&#8221;]<\/p>\n<p class=\"p1\">Pol\u00edtica de Privacidade:<\/p>\n<p class=\"p1\">Em cumprimento ao Regulamento (UE) 2016\/679 do Parlamento Europeu e do Conselho, de 27 de abril de 2016, relativo \u00e0 prote\u00e7\u00e3o das pessoas singulares no que diz respeito ao tratamento de dados pessoais, que revoga Diretiva 95\/46\/CE (doravante RGPD), da Lei 34\/2002, de 11 de julho, sobre servi\u00e7os da sociedade da informa\u00e7\u00e3o e com\u00e9rcio eletr\u00f3nico (doravante, LSSI-CE) e Lei Org\u00e2nica 3\/2018, de Prote\u00e7\u00e3o de Dados Pessoais e garantia de direitos digitais TRANSTEL S.A. garante a prote\u00e7\u00e3o e confidencialidade dos dados pessoais, de qualquer tipo, que nos sejam fornecidos pelos nossos clientes, de acordo com o disposto no Regulamento Geral de Prote\u00e7\u00e3o de Dados Pessoais.<\/p>\n<p class=\"p1\">A Pol\u00edtica de Prote\u00e7\u00e3o de Dados da TRANSTEL S.A. Assenta no princ\u00edpio da responsabilidade proactiva, segundo o qual o respons\u00e1vel pelo tratamento dos dados \u00e9 respons\u00e1vel pelo cumprimento do quadro regulamentar e jurisprudencial, podendo demonstr\u00e1-lo \u00e0s autoridades de controlo correspondentes.<\/p>\n<p class=\"p1\">Os dados fornecidos ser\u00e3o tratados nos termos estabelecidos no RGPD, neste sentido a TRANSTEL S.A. adotou os n\u00edveis de prote\u00e7\u00e3o legalmente exigidos e instalou todas as medidas t\u00e9cnicas ao seu alcance para evitar perdas, uso indevido, altera\u00e7\u00e3o, acesso n\u00e3o autorizado de terceiros, abaixo indicados. Contudo, o usu\u00e1rio deve estar ciente de que as medidas de seguran\u00e7a na Internet n\u00e3o s\u00e3o inexpugn\u00e1veis.<\/p>\n<p class=\"p1\">Controlador: Quem somos n\u00f3s?<\/p>\n<p class=\"p1\">Nome: TRANSTEL S.A.<\/p>\n<p class=\"p3\"><span class=\"s1\">CIF: <\/span><span class=\"s2\">A46063814<\/span><\/p>\n<p class=\"p3\"><span class=\"s1\">Endere\u00e7o: <\/span><span class=\"s2\">Crtra. Nac. III (Madrid-Val\u00eancia), km 342 Pol. Ind. El Oliveral, Avda. Madrid 26 46190 \u00b7 Riba-roja de T\u00faria<\/span><\/p>\n<p class=\"p1\">Telefone: +34 902363781<\/p>\n<p class=\"p1\">E-mail: administracion2@transtelsa.com<\/p>\n<p class=\"p1\">Finalidade do processamento: Para que usaremos seus dados?<\/p>\n<div class=\"page\" title=\"Page 18\">\n<div class=\"section\">\n<div class=\"layoutArea\">\n<div class=\"column\">\n<p>Todos os dados fornecidos pelos nossos clientes e\/ou visitantes do site da TRANSTEL S.A. ou seus funciona\u0301rios, sera\u0303o inclui\u0301dos no cadastro de atividades de tratamento de dados pessoais, criado e mantido sob a responsabilidade da TRANSTEL S.A. , essenciais para prestar os servic\u0327os solicitados pelos utilizadores, ou para dirimir du\u0301vidas ou questo\u0303es levantadas pelos nossos visitantes. Nossa poli\u0301tica e\u0301 na\u0303o criar perfis sobre os usua\u0301rios de nossos servic\u0327os.<\/p>\n<p>Legitimidade do processamento: Por que precisamos dos seus dados?<\/p>\n<p>&nbsp;<\/p>\n<\/div>\n<\/div>\n<\/div>\n<\/div>\n<div class=\"page\" title=\"Page 18\">\n<div class=\"section\">\n<div class=\"layoutArea\">\n<div class=\"column\">\n<p>a) Relac\u0327a\u0303o contratual: E\u0301 a que se aplica quando contrata algum de nossos servic\u0327os. b) Interesse legi\u0301timo: Responder a\u0300s du\u0301vidas e reclamac\u0327o\u0303es que levantar e gerir a cobranc\u0327a dos valores devidos.c) Seu consentimento: Se e\u0301 usua\u0301rio do nosso site, ao marcar a caixa que aparece nos formula\u0301rios de contato, automaticamente autoriza-nos a enviar-lhe as comunicac\u0327o\u0303es necessa\u0301rias para responder a\u0300 consulta ou solicitac\u0327a\u0303o de informac\u0327o\u0303es levantadas. Destinata\u0301rios: com quem compartilhamos os seus dados?<\/p>\n<p>N\u00e3o transferimos os seus dados pessoais para ningu\u00e9m, exceto para aquelas entidades p\u00fablicas ou privadas \u00e0s quais somos obrigados a fornecer os seus dados pessoais para cumprir qualquer lei.<\/p>\n<\/div>\n<\/div>\n<\/div>\n<\/div>\n<p class=\"p1\">Caso, al\u00e9m dos pressupostos acima mencionados, necessitemos divulgar os seus dados pessoais a outras entidades, solicitaremos previamente a sua autoriza\u00e7\u00e3o atrav\u00e9s de op\u00e7\u00f5es claras que lhe permitir\u00e3o decidir a este respeito. &lt; \/p&gt;<\/p>\n<p class=\"p1\">Comunica\u00e7\u00e3o: para onde podemos enviar seus dados?<\/p>\n<p class=\"p1\">N\u00e3o realizaremos transfer\u00eancias internacionais dos seus dados pessoais para nenhuma das finalidades indicadas.<\/p>\n<div class=\"page\" title=\"Page 18\">\n<div class=\"section\">\n<div class=\"layoutArea\">\n<div class=\"column\">\n<p>Retenc\u0327a\u0303o: por quanto tempo manteremos os seus dados?<\/p>\n<p>&nbsp;<\/p>\n<\/div>\n<\/div>\n<\/div>\n<\/div>\n<p class=\"p1\">S\u00f3 conservaremos os seus dados pessoais durante o tempo necess\u00e1rio para atingir os fins para os quais foram recolhidos. Ao determinar o per\u00edodo de reten\u00e7\u00e3o apropriado, consideramos os riscos envolvidos no processamento, bem como as nossas obriga\u00e7\u00f5es contratuais, legais e regulamentares, pol\u00edticas internas de reten\u00e7\u00e3o de dados e os nossos interesses comerciais leg\u00edtimos descritos neste Aviso de Privacidade e Cookies.<\/p>\n<p class=\"p1\">Nesse sentido, TRANSTEL S.A. manter\u00e1 os dados pessoais uma vez terminada a rela\u00e7\u00e3o consigo, devidamente bloqueados, durante o prazo de prescri\u00e7\u00e3o das a\u00e7\u00f5es que possam surgir da rela\u00e7\u00e3o mantida com o interessado.<\/p>\n<p class=\"p1\">Uma vez bloqueados, seus dados ficar\u00e3o inacess\u00edveis \u00e0 TRANSTEL S.A. , e n\u00e3o ser\u00e3o processados, exceto para coloc\u00e1-los \u00e0 disposi\u00e7\u00e3o das Administra\u00e7\u00f5es p\u00fablicas, Ju\u00edzes e Tribunais, para o atendimento de poss\u00edveis responsabilidades decorrentes dos tratamentos, bem como para o exerc\u00edcio e defesa de reclama\u00e7\u00f5es perante a Ag\u00eancia Espanhola de Prote\u00e7\u00e3o de Dados.<\/p>\n<div class=\"page\" title=\"Page 19\">\n<div class=\"section\">\n<div class=\"layoutArea\">\n<div class=\"column\">\n<p>Seguranc\u0327a: como protegeremos os seus dados?<br \/>\nFazemos todos os esforc\u0327os razoa\u0301veis para manter a confidencialidade das informac\u0327o\u0303es pessoais processadas pelos nossos sistemas. Mantemos ni\u0301veis rigorosos de seguranc\u0327a para proteger os dados pessoais que tratamos contra perdas acidentais e acessos, tratamentos ou divulgac\u0327o\u0303es na\u0303o autorizados, tendo em conta o estado da tecnologia, a natureza e os riscos a que os dados esta\u0303o expostos. No entanto, na\u0303o podemos ser responsa\u0301veis pela utilizac\u0327a\u0303o que faz dos dados que utiliza no nosso website. A nossa equipa segue padro\u0303es ri\u0301gidos de privacidade e, se contratarmos terceiros para fornecer servic\u0327os de suporte, exigimos que eles cumpram os mesmos padro\u0303es e nos permitam audita\u0301-los quanto a\u0300 conformidade.<br \/>\nSeus direitos: Que direitos pode exercer como parte interessada? Informamos que pode exercer os seguintes direitos:<\/p>\n<p>&nbsp;<\/p>\n<\/div>\n<\/div>\n<\/div>\n<\/div>\n<div class=\"page\" title=\"Page 19\">\n<div class=\"section\">\n<div class=\"layoutArea\">\n<div class=\"column\">\n<p>Seus direitos: Que direitos pode exercer como parte interessada?<\/p>\n<p>&nbsp;<\/p>\n<\/div>\n<\/div>\n<\/div>\n<\/div>\n<div class=\"page\" title=\"Page 19\">\n<div class=\"section\">\n<div class=\"layoutArea\">\n<div class=\"column\">\n<p>Informamos que pode exercer os seguintes direitos:<\/p>\n<p>&nbsp;<\/p>\n<\/div>\n<\/div>\n<\/div>\n<\/div>\n<p class=\"p1\">Direito de acesso aos seus dados pessoais, para saber quais s\u00e3o os que est\u00e3o a ser tratados e as opera\u00e7\u00f5es de tratamento realizadas com os mesmos;<\/p>\n<p class=\"p1\">Direito de retifica\u00e7\u00e3o de quaisquer dados pessoais imprecisos;<\/p>\n<p class=\"p1\">Direito de elimina\u00e7\u00e3o dos seus dados pessoais, quando tal seja poss\u00edvel (por exemplo, por imperativo legal);<\/p>\n<p class=\"p1\">Direito de limitar o tratamento dos seus dados pessoais quando a exatid\u00e3o, legalidade ou necessidade do tratamento dos dados for duvidosa, caso em que poderemos ret\u00ea-los para o exerc\u00edcio ou defesa de reclama\u00e7\u00f5es.&lt;\/p \/p &gt;<\/p>\n<p class=\"p1\">Direito de oposi\u00e7\u00e3o ao tratamento dos seus dados pessoais, quando a base legal que nos permite trat\u00e1-los for o nosso interesse leg\u00edtimo. TRANSTEL S.A. deixar\u00e1 de processar seus dados, a menos que tenha um interesse leg\u00edtimo ou seja necess\u00e1rio para defender reivindica\u00e7\u00f5es.<\/p>\n<p class=\"p1\">Direito \u00e0 portabilidade dos seus dados, quando a base legal que nos permite trat\u00e1-los for a exist\u00eancia de uma rela\u00e7\u00e3o contratual ou o seu consentimento.<\/p>\n<p class=\"p1\">Direito de revogar o consentimento concedido \u00e0 TRANSTEL S.A.<\/p>\n<p class=\"p1\">Para exercer os seus direitos, pode faz\u00ea-lo gratuitamente e em qualquer momento, contactando-nos na Calle Sierra Nevada, 31, Humanes de Madrid, Madrid. 28970 Madrid, anexando uma c\u00f3pia do seu documento de identidade.<\/p>\n<div class=\"page\" title=\"Page 19\">\n<div class=\"section\">\n<div class=\"layoutArea\">\n<div class=\"column\">\n<p>Protec\u0327a\u0303o de direitos: onde pode fazer uma reclamac\u0327a\u0303o?<\/p>\n<p>&nbsp;<\/p>\n<\/div>\n<\/div>\n<\/div>\n<\/div>\n<div class=\"page\" title=\"Page 19\">\n<div class=\"section\">\n<div class=\"layoutArea\">\n<div class=\"column\">\n<p>Caso entenda que seus direitos foram negligenciados pela TranTel em Portugal, pode registar uma reclamac\u0327a\u0303o junto a\u0300 Comissa\u0303o Nacional de Protec\u0327a\u0303o de Dados, atrave\u0301s de qualquer um dos seguintes meios:<\/p>\n<p>&nbsp;<\/p>\n<\/div>\n<\/div>\n<\/div>\n<\/div>\n<div class=\"page\" title=\"Page 19\">\n<div class=\"section\">\n<div class=\"layoutArea\">\n<div class=\"column\">\n<p>https:\/\/www.cnpd.pt\/ Av. D. Carlos I, 134, 1o 1200-651 Lisboa<br \/>\nT (+351) 213 928 400 F (+351) 213 976 832 geral@cnpd.pt<\/p>\n<p>&nbsp;<\/p>\n<\/div>\n<\/div>\n<\/div>\n<\/div>\n<p class=\"p1\">Formular uma reclama\u00e7\u00e3o junto \u00e0 Ag\u00eancia Espanhola de Prote\u00e7\u00e3o de Dados n\u00e3o acarreta nenhum custo e n\u00e3o \u00e9 necess\u00e1ria a assist\u00eancia de um advogado ou procurador.<\/p>\n<p class=\"p1\">Atualiza\u00e7\u00f5es: Que altera\u00e7\u00f5es podem ocorrer nesta Pol\u00edtica de Privacidade?<\/p>\n<p class=\"p1\">TRANSTEL S.A. reserva-se o direito de modificar esta pol\u00edtica para adapt\u00e1-la a desenvolvimentos legislativos ou jurisprudenciais que possam afetar o cumprimento da mesma.<\/p>\n<p>[\/vc_column_text][\/vc_column][\/vc_row]<\/p>\n<\/div>","protected":false},"excerpt":{"rendered":"<p>[vc_row el_class=&#8221;padding-mid-top,padding-mid-bottom&#8221; css=&#8221;.vc_custom_1680185338362{background-color: #aa182c !important;}&#8221;][vc_column width=&#8221;5\/6&#8243;][vc_column_text el_class=&#8221;color-blanco&#8221;] POL\u00cdTICA DE PRIVACIDADE [\/vc_column_text][\/vc_column][vc_column width=&#8221;1\/6&#8243;][\/vc_column][\/vc_row][vc_row el_class=&#8221;padding-row-bottom,padding-row-top&#8221;][vc_column][vc_column_text el_class=&#8221;&#8221;] Pol\u00edtica de Privacidade: Em cumprimento ao Regulamento (UE) 2016\/679 do Parlamento Europeu e do Conselho, de 27 de abril de 2016, relativo \u00e0 prote\u00e7\u00e3o das pessoas singulares no que diz respeito ao tratamento de dados pessoais, que revoga Diretiva 95\/46\/CE (doravante [&hellip;]<\/p>\n","protected":false},"author":1,"featured_media":0,"parent":0,"menu_order":0,"comment_status":"closed","ping_status":"closed","template":"","meta":{"_acf_changed":false,"footnotes":""},"class_list":["post-3804","page","type-page","status-publish","hentry"],"acf":[],"yoast_head":"<!-- This site is optimized with the Yoast SEO plugin v26.9 - https:\/\/yoast.com\/product\/yoast-seo-wordpress\/ -->\n<title>POL\u00cdTICA DE PRIVACIDADE - Transtel<\/title>\n<meta name=\"robots\" content=\"index, follow, max-snippet:-1, max-image-preview:large, max-video-preview:-1\" \/>\n<link rel=\"canonical\" href=\"https:\/\/transtelsa.com\/pt-pt\/politica-de-privacidad\/\" \/>\n<meta property=\"og:locale\" content=\"pt_PT\" \/>\n<meta property=\"og:type\" content=\"article\" \/>\n<meta property=\"og:title\" content=\"POL\u00cdTICA DE PRIVACIDADE - Transtel\" \/>\n<meta property=\"og:description\" content=\"[vc_row el_class=&#8221;padding-mid-top,padding-mid-bottom&#8221; css=&#8221;.vc_custom_1680185338362{background-color: #aa182c !important;}&#8221;][vc_column width=&#8221;5\/6&#8243;][vc_column_text el_class=&#8221;color-blanco&#8221;] POL\u00cdTICA DE PRIVACIDADE [\/vc_column_text][\/vc_column][vc_column width=&#8221;1\/6&#8243;][\/vc_column][\/vc_row][vc_row el_class=&#8221;padding-row-bottom,padding-row-top&#8221;][vc_column][vc_column_text el_class=&#8221;&#8221;] Pol\u00edtica de Privacidade: Em cumprimento ao Regulamento (UE) 2016\/679 do Parlamento Europeu e do Conselho, de 27 de abril de 2016, relativo \u00e0 prote\u00e7\u00e3o das pessoas singulares no que diz respeito ao tratamento de dados pessoais, que revoga Diretiva 95\/46\/CE (doravante [&hellip;]\" \/>\n<meta property=\"og:url\" content=\"https:\/\/transtelsa.com\/pt-pt\/politica-de-privacidad\/\" \/>\n<meta property=\"og:site_name\" content=\"Transtel\" \/>\n<meta property=\"article:publisher\" content=\"https:\/\/www.facebook.com\/transtelsa\" \/>\n<meta property=\"article:modified_time\" content=\"2024-04-22T14:32:09+00:00\" \/>\n<meta name=\"twitter:card\" content=\"summary_large_image\" \/>\n<meta name=\"twitter:label1\" content=\"Tempo estimado de leitura\" \/>\n\t<meta name=\"twitter:data1\" content=\"7 minutos\" \/>\n<script type=\"application\/ld+json\" class=\"yoast-schema-graph\">{\"@context\":\"https:\/\/schema.org\",\"@graph\":[{\"@type\":\"WebPage\",\"@id\":\"https:\/\/transtelsa.com\/pt-pt\/politica-de-privacidad\/\",\"url\":\"https:\/\/transtelsa.com\/pt-pt\/politica-de-privacidad\/\",\"name\":\"POL\u00cdTICA DE PRIVACIDADE - Transtel\",\"isPartOf\":{\"@id\":\"https:\/\/transtelsa.com\/#website\"},\"datePublished\":\"2022-11-14T08:19:25+00:00\",\"dateModified\":\"2024-04-22T14:32:09+00:00\",\"inLanguage\":\"pt-PT\",\"potentialAction\":[{\"@type\":\"ReadAction\",\"target\":[\"https:\/\/transtelsa.com\/pt-pt\/politica-de-privacidad\/\"]}]},{\"@type\":\"WebSite\",\"@id\":\"https:\/\/transtelsa.com\/#website\",\"url\":\"https:\/\/transtelsa.com\/\",\"name\":\"Transtel SA\",\"description\":\"\u27a1\ufe0f Aluguel e Loca\u00e7\u00e3o de Ve\u00edculos Industriais | Transtel SA\",\"publisher\":{\"@id\":\"https:\/\/transtelsa.com\/#organization\"},\"potentialAction\":[{\"@type\":\"SearchAction\",\"target\":{\"@type\":\"EntryPoint\",\"urlTemplate\":\"https:\/\/transtelsa.com\/?s={search_term_string}\"},\"query-input\":{\"@type\":\"PropertyValueSpecification\",\"valueRequired\":true,\"valueName\":\"search_term_string\"}}],\"inLanguage\":\"pt-PT\"},{\"@type\":\"Organization\",\"@id\":\"https:\/\/transtelsa.com\/#organization\",\"name\":\"Transtel SA\",\"url\":\"https:\/\/transtelsa.com\/\",\"logo\":{\"@type\":\"ImageObject\",\"inLanguage\":\"pt-PT\",\"@id\":\"https:\/\/transtelsa.com\/#\/schema\/logo\/image\/\",\"url\":\"https:\/\/transtelsa.com\/wp-content\/uploads\/2023\/03\/cropped-transtelfavicon.png\",\"contentUrl\":\"https:\/\/transtelsa.com\/wp-content\/uploads\/2023\/03\/cropped-transtelfavicon.png\",\"width\":512,\"height\":512,\"caption\":\"Transtel SA\"},\"image\":{\"@id\":\"https:\/\/transtelsa.com\/#\/schema\/logo\/image\/\"},\"sameAs\":[\"https:\/\/www.facebook.com\/transtelsa\",\"https:\/\/www.instagram.com\/transtelsa\/\",\"https:\/\/www.linkedin.com\/company\/transtel-sa\/\",\"https:\/\/www.youtube.com\/@transtelsa\"]}]}<\/script>\n<!-- \/ Yoast SEO plugin. -->","yoast_head_json":{"title":"POL\u00cdTICA DE PRIVACIDADE - Transtel","robots":{"index":"index","follow":"follow","max-snippet":"max-snippet:-1","max-image-preview":"max-image-preview:large","max-video-preview":"max-video-preview:-1"},"canonical":"https:\/\/transtelsa.com\/pt-pt\/politica-de-privacidad\/","og_locale":"pt_PT","og_type":"article","og_title":"POL\u00cdTICA DE PRIVACIDADE - Transtel","og_description":"[vc_row el_class=&#8221;padding-mid-top,padding-mid-bottom&#8221; css=&#8221;.vc_custom_1680185338362{background-color: #aa182c !important;}&#8221;][vc_column width=&#8221;5\/6&#8243;][vc_column_text el_class=&#8221;color-blanco&#8221;] POL\u00cdTICA DE PRIVACIDADE [\/vc_column_text][\/vc_column][vc_column width=&#8221;1\/6&#8243;][\/vc_column][\/vc_row][vc_row el_class=&#8221;padding-row-bottom,padding-row-top&#8221;][vc_column][vc_column_text el_class=&#8221;&#8221;] Pol\u00edtica de Privacidade: Em cumprimento ao Regulamento (UE) 2016\/679 do Parlamento Europeu e do Conselho, de 27 de abril de 2016, relativo \u00e0 prote\u00e7\u00e3o das pessoas singulares no que diz respeito ao tratamento de dados pessoais, que revoga Diretiva 95\/46\/CE (doravante [&hellip;]","og_url":"https:\/\/transtelsa.com\/pt-pt\/politica-de-privacidad\/","og_site_name":"Transtel","article_publisher":"https:\/\/www.facebook.com\/transtelsa","article_modified_time":"2024-04-22T14:32:09+00:00","twitter_card":"summary_large_image","twitter_misc":{"Tempo estimado de leitura":"7 minutos"},"schema":{"@context":"https:\/\/schema.org","@graph":[{"@type":"WebPage","@id":"https:\/\/transtelsa.com\/pt-pt\/politica-de-privacidad\/","url":"https:\/\/transtelsa.com\/pt-pt\/politica-de-privacidad\/","name":"POL\u00cdTICA DE PRIVACIDADE - Transtel","isPartOf":{"@id":"https:\/\/transtelsa.com\/#website"},"datePublished":"2022-11-14T08:19:25+00:00","dateModified":"2024-04-22T14:32:09+00:00","inLanguage":"pt-PT","potentialAction":[{"@type":"ReadAction","target":["https:\/\/transtelsa.com\/pt-pt\/politica-de-privacidad\/"]}]},{"@type":"WebSite","@id":"https:\/\/transtelsa.com\/#website","url":"https:\/\/transtelsa.com\/","name":"Transtel SA","description":"\u27a1\ufe0f Aluguel e Loca\u00e7\u00e3o de Ve\u00edculos Industriais | Transtel SA","publisher":{"@id":"https:\/\/transtelsa.com\/#organization"},"potentialAction":[{"@type":"SearchAction","target":{"@type":"EntryPoint","urlTemplate":"https:\/\/transtelsa.com\/?s={search_term_string}"},"query-input":{"@type":"PropertyValueSpecification","valueRequired":true,"valueName":"search_term_string"}}],"inLanguage":"pt-PT"},{"@type":"Organization","@id":"https:\/\/transtelsa.com\/#organization","name":"Transtel SA","url":"https:\/\/transtelsa.com\/","logo":{"@type":"ImageObject","inLanguage":"pt-PT","@id":"https:\/\/transtelsa.com\/#\/schema\/logo\/image\/","url":"https:\/\/transtelsa.com\/wp-content\/uploads\/2023\/03\/cropped-transtelfavicon.png","contentUrl":"https:\/\/transtelsa.com\/wp-content\/uploads\/2023\/03\/cropped-transtelfavicon.png","width":512,"height":512,"caption":"Transtel SA"},"image":{"@id":"https:\/\/transtelsa.com\/#\/schema\/logo\/image\/"},"sameAs":["https:\/\/www.facebook.com\/transtelsa","https:\/\/www.instagram.com\/transtelsa\/","https:\/\/www.linkedin.com\/company\/transtel-sa\/","https:\/\/www.youtube.com\/@transtelsa"]}]}},"_links":{"self":[{"href":"https:\/\/transtelsa.com\/pt-pt\/wp-json\/wp\/v2\/pages\/3804","targetHints":{"allow":["GET"]}}],"collection":[{"href":"https:\/\/transtelsa.com\/pt-pt\/wp-json\/wp\/v2\/pages"}],"about":[{"href":"https:\/\/transtelsa.com\/pt-pt\/wp-json\/wp\/v2\/types\/page"}],"author":[{"embeddable":true,"href":"https:\/\/transtelsa.com\/pt-pt\/wp-json\/wp\/v2\/users\/1"}],"replies":[{"embeddable":true,"href":"https:\/\/transtelsa.com\/pt-pt\/wp-json\/wp\/v2\/comments?post=3804"}],"version-history":[{"count":5,"href":"https:\/\/transtelsa.com\/pt-pt\/wp-json\/wp\/v2\/pages\/3804\/revisions"}],"predecessor-version":[{"id":4403,"href":"https:\/\/transtelsa.com\/pt-pt\/wp-json\/wp\/v2\/pages\/3804\/revisions\/4403"}],"wp:attachment":[{"href":"https:\/\/transtelsa.com\/pt-pt\/wp-json\/wp\/v2\/media?parent=3804"}],"curies":[{"name":"wp","href":"https:\/\/api.w.org\/{rel}","templated":true}]}}