{"id":3802,"date":"2022-11-14T08:21:08","date_gmt":"2022-11-14T08:21:08","guid":{"rendered":"https:\/\/transtelsa.com\/?page_id=3802"},"modified":"2024-02-28T09:48:34","modified_gmt":"2024-02-28T09:48:34","slug":"politica-de-cookies","status":"publish","type":"page","link":"https:\/\/transtelsa.com\/pt-pt\/politica-de-cookies\/","title":{"rendered":"Pol\u00edtica de Cookies"},"content":{"rendered":"<div class=\"wpb-content-wrapper\"><p>[vc_row el_class=&#8221;padding-mid-top,padding-mid-bottom&#8221; css=&#8221;.vc_custom_1680185269860{background-color: #aa182c !important;}&#8221;][vc_column width=&#8221;5\/6&#8243;][vc_column_text el_class=&#8221;color-blanco&#8221;]<\/p>\n<h1><strong>POL\u00cdTICA DE COOKIES.<\/strong><\/h1>\n<p>[\/vc_column_text][\/vc_column][vc_column width=&#8221;1\/6&#8243;][\/vc_column][\/vc_row][vc_row el_class=&#8221;padding-row-bottom,padding-row-top&#8221;][vc_column][vc_column_text el_class=&#8221;&#8221;]<\/p>\n<p class=\"p1\">Nosso site <a href=\"http:\/\/www.piscinasoyc.com\"><span class=\"s1\">www.transtelsa.com<\/span><\/a> usa uma tecnologia denominados \u201ccookies\u201d com a finalidade de poder recolher informa\u00e7\u00e3o sobre a utiliza\u00e7\u00e3o do site pelo utilizador com o objetivo de analisar os seus h\u00e1bitos de navega\u00e7\u00e3o para facilitar a mesma e poder distingui-los de outros utilizadores.<\/p>\n<p class=\"p1\">Em cumprimento do disposto no artigo 22.2 da Lei 34\/2002, de 11 de julho, de Servi\u00e7os da Sociedade da Informa\u00e7\u00e3o e Com\u00e9rcio Eletr\u00f3nico, o objetivo desta Pol\u00edtica de Cookies \u00e9 informar o utilizador sobre a pol\u00edtica de recolha e processando cookies.<\/p>\n<p class=\"p1\">O que s\u00e3o cookies?<\/p>\n<p class=\"p1\">Cookies s\u00e3o pequenos arquivos de texto contendo uma s\u00e9rie de caracteres que s\u00e3o enviados para o seu navegador a partir do servidor de um site. O cookie pode ter um identificador exclusivo, mas n\u00e3o cont\u00e9m informa\u00e7\u00f5es de identifica\u00e7\u00e3o pessoal, como seu nome ou endere\u00e7o de e-mail. TRANSTEL S.A. poder\u00e1 utilizar cookies quando visitar o seu site ou visitar outros sites onde a TRANSTEL S.A. est\u00e1 anunciado. O navegador de Internet do usu\u00e1rio deste site armazena o cookie no disco r\u00edgido do seu computador e o site pode acess\u00e1-lo durante sua pr\u00f3xima visita.<span class=\"Apple-converted-space\">\u00a0 <\/span> Outros sites tamb\u00e9m podem enviar cookies para o seu navegador, mas o seu navegador n\u00e3o permitir\u00e1 que esses sites vejam as informa\u00e7\u00f5es dos cookies da TRANSTEL S.A..<\/p>\n<p class=\"p1\">Cookies usados \u200b\u200bneste site:<\/p>\n<p class=\"p1\">Por um lado, este site utiliza cookies t\u00e9cnicos pr\u00f3prios para os quais n\u00e3o \u00e9 necess\u00e1rio obter o consentimento do utilizador, uma vez que est\u00e3o exclu\u00eddos do \u00e2mbito de aplica\u00e7\u00e3o do art. 22.2 da Lei 34\/2002, de 11 de julho, de Servi\u00e7os da Sociedade da Informa\u00e7\u00e3o e Com\u00e9rcio Eletr\u00f3nico.<\/p>\n<p class=\"p1\">No entanto, este site tamb\u00e9m possui cookies instalados que requerem o consentimento expresso dos usu\u00e1rios. A seguir, seguindo as orienta\u00e7\u00f5es da Ag\u00eancia Espanhola de Prote\u00e7\u00e3o de Dados, detalhamos o uso de cookies, identificando-os e explicando sua tipologia e fun\u00e7\u00e3o, a fim de inform\u00e1-lo com a maior precis\u00e3o poss\u00edvel.<\/p>\n<p class=\"p1\">\u2022 Lista sem ordem Este site utiliza os seguintes cookies:<\/p>\n<ulclass=\"ul1\">\n<li class=\"li1\">T\u00e9cnicas<\/li>\n<li class=\"li1\">Prefer\u00eancias<\/li>\n<li class=\"li1\">De an\u00e1lise<\/li>\n<\/ul>\n<p class=\"p1\">Este site utiliza cookies comportamentais para fins publicit\u00e1rios.<\/p>\n<p class=\"p1\">Gra\u00e7as aos cookies, \u00e9 poss\u00edvel que o navegador do computador utilizado pelo Usu\u00e1rio seja reconhecido para fornecer conte\u00fado e oferecer as prefer\u00eancias de navega\u00e7\u00e3o ou publicidade que o Usu\u00e1rio, aos perfis demogr\u00e1ficos dos Usu\u00e1rios , bem como medir visitas e par\u00e2metros de tr\u00e1fego, controlar o andamento e o n\u00famero de entradas.<\/p>\n<p class=\"p1\">Ao aceitar a instala\u00e7\u00e3o de cookies, ser\u00e3o instalados todos os cookies necess\u00e1rios ao funcionamento do site e ao seu monitoramento anal\u00edtico.<\/p>\n<p class=\"p1\">Estes cookies s\u00e3o 100% anonimizados e n\u00e3o cont\u00eam informa\u00e7\u00f5es de qualquer tipo que possam ser utilizadas para relacionar dados e um usu\u00e1rio real. Da mesma forma, estes cookies n\u00e3o podem ser utilizados para qualquer tipo de discrimina\u00e7\u00e3o na navega\u00e7\u00e3o ou publicidade.<\/p>\n<p class=\"p1\">Desativa\u00e7\u00e3o ou exclus\u00e3o de cookies<\/p>\n<p class=\"p1\">N\u00e3o recomendamos que voc\u00ea restrinja ou bloqueie cookies, pois isso poder\u00e1 afetar o funcionamento e a qualidade dos nossos servi\u00e7os e sites e, portanto, sua experi\u00eancia poder\u00e1 ser menos satisfat\u00f3ria. No entanto, a qualquer momento, o utilizador poder\u00e1 exercer o seu direito de desactivar ou eliminar os cookies deste site, bloqueando-os ou desactivando-os, modificando a configura\u00e7\u00e3o das op\u00e7\u00f5es do navegador instalado no seu computador, o que lhe permitir\u00e1 rejeitar a instala\u00e7\u00e3o de todos ou de todos os mesmos. alguns dos cookies.<\/p>\n<p class=\"p1\">Os navegadores web s\u00e3o as ferramentas encarregadas de armazenar os cookies e \u00e9 a partir deste local que o usu\u00e1rio deve exercer o seu direito de exclu\u00ed-los ou desativ\u00e1-los. Portanto, TRANSTEL S.A. n\u00e3o podemos garantir o correto tratamento dos cookies pelos navegadores que mencionamos.<\/p>\n<p class=\"p1\">A seguir, voc\u00ea pode acessar as configura\u00e7\u00f5es dos navegadores mais comuns para aceitar, instalar ou desativar cookies:<\/p>\n<p class=\"p1\">Chrome:https:\/\/www.google.es\/intl\/es\/policies\/technologies\/managing\/<\/p>\n<p class=\"p1\">Explorador:http:\/\/windows.microsoft.com\/es-es\/windows7\/how-to-manage-cookies-ininternet-explorer-9<\/p>\n<p class=\"p1\">Firefox:http:\/\/support.mozilla.org\/es\/kb\/habilitar-y-deshabilitar-cookies-que-lossitios-we<\/p>\n<p class=\"p1\">Safari:http:\/\/support.apple.com\/kb\/ph5042<\/p>\n<p class=\"p1\">Opera:http:\/\/www.opera.com\/help\/tutorials\/security\/privacy\/<\/p>\n<p class=\"p1\">Se voc\u00ea n\u00e3o deseja ser rastreado pelos cookies do Google Analytics, o Google desenvolveu um complemento para instalar no seu navegador que voc\u00ea pode acessar no seguinte link: http:\/\/goo.gl\/ up4ND<\/p>\n<p class=\"p1\">Nem este site nem seus representantes legais s\u00e3o respons\u00e1veis \u200b\u200bpelo conte\u00fado ou veracidade das pol\u00edticas de privacidade que os terceiros mencionados nesta pol\u00edtica de cookies possam ter.<\/p>\n<p class=\"p1\">Altera\u00e7\u00f5es na pol\u00edtica de cookies<\/p>\n<p class=\"p1\">\u00c9 poss\u00edvel que esta Pol\u00edtica de Cookies seja modificada no futuro, pelo que \u00e9 aconselh\u00e1vel que cada vez que o utilizador aceda a este site, consulte novamente esta pol\u00edtica para estar devidamente informado sobre as atualiza\u00e7\u00f5es que ocorreram.<\/p>\n<p class=\"p1\">Contato<\/p>\n<p class=\"p1\">Se voc\u00ea tiver alguma d\u00favida, coment\u00e1rio ou sugest\u00e3o sobre nossa Pol\u00edtica de Cookies, n\u00e3o hesite em nos contatar atrav\u00e9s do seguinte endere\u00e7o de e-mail administracion2@transtelsa.com<\/p>\n<p class=\"p1\">Banner de aviso de uso de cookies:<\/p>\n<p class=\"p1\">Somos obrigados a incomod\u00e1-lo com o \u00f3bvio de que este site utiliza <b>Cookies<\/b> para fins anal\u00edticos. Um cookie \u00e9 um pequeno arquivo de texto de um site que \u00e9 armazenado temporariamente no seu disco r\u00edgido. Os cookies do nosso site n\u00e3o coletam nenhum dado pessoal seu. Ao clicar em ACEITAR, voc\u00ea concorda com o uso de todos os Cookies. Para configurar uma sele\u00e7\u00e3o espec\u00edfica, pressione CONFIGURA\u00c7\u00d5ES.<\/p>\n<p>Eles podem acessar seus dados por meio do <a class=\"wt-cli-element cli_settings_button\" tabindex=\"0\" role=\"button\">Acesso a cookies<\/a>[\/vc_column_text][\/vc_column][\/vc_row]<\/p>\n<\/div>","protected":false},"excerpt":{"rendered":"<p>[vc_row el_class=&#8221;padding-mid-top,padding-mid-bottom&#8221; css=&#8221;.vc_custom_1680185269860{background-color: #aa182c !important;}&#8221;][vc_column width=&#8221;5\/6&#8243;][vc_column_text el_class=&#8221;color-blanco&#8221;] POL\u00cdTICA DE COOKIES. [\/vc_column_text][\/vc_column][vc_column width=&#8221;1\/6&#8243;][\/vc_column][\/vc_row][vc_row el_class=&#8221;padding-row-bottom,padding-row-top&#8221;][vc_column][vc_column_text el_class=&#8221;&#8221;] Nosso site www.transtelsa.com usa uma tecnologia denominados \u201ccookies\u201d com a finalidade de poder recolher informa\u00e7\u00e3o sobre a utiliza\u00e7\u00e3o do site pelo utilizador com o objetivo de analisar os seus h\u00e1bitos de navega\u00e7\u00e3o para facilitar a mesma e poder distingui-los de outros [&hellip;]<\/p>\n","protected":false},"author":1,"featured_media":0,"parent":0,"menu_order":0,"comment_status":"closed","ping_status":"closed","template":"","meta":{"_acf_changed":false,"footnotes":""},"class_list":["post-3802","page","type-page","status-publish","hentry"],"acf":[],"yoast_head":"<!-- This site is optimized with the Yoast SEO plugin v26.9 - https:\/\/yoast.com\/product\/yoast-seo-wordpress\/ -->\n<title>Pol\u00edtica de Cookies - Transtel<\/title>\n<meta name=\"robots\" content=\"index, follow, max-snippet:-1, max-image-preview:large, max-video-preview:-1\" \/>\n<link rel=\"canonical\" href=\"https:\/\/transtelsa.com\/politica-de-cookies\/\" \/>\n<meta property=\"og:locale\" content=\"pt_PT\" \/>\n<meta property=\"og:type\" content=\"article\" \/>\n<meta property=\"og:title\" content=\"Pol\u00edtica de Cookies - Transtel\" \/>\n<meta property=\"og:description\" content=\"[vc_row el_class=&#8221;padding-mid-top,padding-mid-bottom&#8221; css=&#8221;.vc_custom_1680185269860{background-color: #aa182c !important;}&#8221;][vc_column width=&#8221;5\/6&#8243;][vc_column_text el_class=&#8221;color-blanco&#8221;] POL\u00cdTICA DE COOKIES. [\/vc_column_text][\/vc_column][vc_column width=&#8221;1\/6&#8243;][\/vc_column][\/vc_row][vc_row el_class=&#8221;padding-row-bottom,padding-row-top&#8221;][vc_column][vc_column_text el_class=&#8221;&#8221;] Nosso site www.transtelsa.com usa uma tecnologia denominados \u201ccookies\u201d com a finalidade de poder recolher informa\u00e7\u00e3o sobre a utiliza\u00e7\u00e3o do site pelo utilizador com o objetivo de analisar os seus h\u00e1bitos de navega\u00e7\u00e3o para facilitar a mesma e poder distingui-los de outros [&hellip;]\" \/>\n<meta property=\"og:url\" content=\"https:\/\/transtelsa.com\/politica-de-cookies\/\" \/>\n<meta property=\"og:site_name\" content=\"Transtel\" \/>\n<meta property=\"article:publisher\" content=\"https:\/\/www.facebook.com\/transtelsa\" \/>\n<meta property=\"article:modified_time\" content=\"2024-02-28T09:48:34+00:00\" \/>\n<meta name=\"twitter:card\" content=\"summary_large_image\" \/>\n<meta name=\"twitter:label1\" content=\"Tempo estimado de leitura\" \/>\n\t<meta name=\"twitter:data1\" content=\"5 minutos\" \/>\n<!-- \/ Yoast SEO plugin. -->","yoast_head_json":{"title":"Pol\u00edtica de Cookies - Transtel","robots":{"index":"index","follow":"follow","max-snippet":"max-snippet:-1","max-image-preview":"max-image-preview:large","max-video-preview":"max-video-preview:-1"},"canonical":"https:\/\/transtelsa.com\/politica-de-cookies\/","og_locale":"pt_PT","og_type":"article","og_title":"Pol\u00edtica de Cookies - Transtel","og_description":"[vc_row el_class=&#8221;padding-mid-top,padding-mid-bottom&#8221; css=&#8221;.vc_custom_1680185269860{background-color: #aa182c !important;}&#8221;][vc_column width=&#8221;5\/6&#8243;][vc_column_text el_class=&#8221;color-blanco&#8221;] POL\u00cdTICA DE COOKIES. [\/vc_column_text][\/vc_column][vc_column width=&#8221;1\/6&#8243;][\/vc_column][\/vc_row][vc_row el_class=&#8221;padding-row-bottom,padding-row-top&#8221;][vc_column][vc_column_text el_class=&#8221;&#8221;] Nosso site www.transtelsa.com usa uma tecnologia denominados \u201ccookies\u201d com a finalidade de poder recolher informa\u00e7\u00e3o sobre a utiliza\u00e7\u00e3o do site pelo utilizador com o objetivo de analisar os seus h\u00e1bitos de navega\u00e7\u00e3o para facilitar a mesma e poder distingui-los de outros [&hellip;]","og_url":"https:\/\/transtelsa.com\/politica-de-cookies\/","og_site_name":"Transtel","article_publisher":"https:\/\/www.facebook.com\/transtelsa","article_modified_time":"2024-02-28T09:48:34+00:00","twitter_card":"summary_large_image","twitter_misc":{"Tempo estimado de leitura":"5 minutos"},"schema":{"@context":"https:\/\/schema.org","@graph":[{"@type":"WebPage","@id":"https:\/\/transtelsa.com\/politica-de-cookies\/","url":"https:\/\/transtelsa.com\/politica-de-cookies\/","name":"Pol\u00edtica de Cookies - Transtel","isPartOf":{"@id":"https:\/\/transtelsa.com\/#website"},"datePublished":"2022-11-14T08:21:08+00:00","dateModified":"2024-02-28T09:48:34+00:00","inLanguage":"pt-PT","potentialAction":[{"@type":"ReadAction","target":["https:\/\/transtelsa.com\/politica-de-cookies\/"]}]},{"@type":"WebSite","@id":"https:\/\/transtelsa.com\/#website","url":"https:\/\/transtelsa.com\/","name":"Transtel SA","description":"\u27a1\ufe0f Aluguel e Loca\u00e7\u00e3o de Ve\u00edculos Industriais | Transtel SA","publisher":{"@id":"https:\/\/transtelsa.com\/#organization"},"potentialAction":[{"@type":"SearchAction","target":{"@type":"EntryPoint","urlTemplate":"https:\/\/transtelsa.com\/?s={search_term_string}"},"query-input":{"@type":"PropertyValueSpecification","valueRequired":true,"valueName":"search_term_string"}}],"inLanguage":"pt-PT"},{"@type":"Organization","@id":"https:\/\/transtelsa.com\/#organization","name":"Transtel SA","url":"https:\/\/transtelsa.com\/","logo":{"@type":"ImageObject","inLanguage":"pt-PT","@id":"https:\/\/transtelsa.com\/#\/schema\/logo\/image\/","url":"https:\/\/transtelsa.com\/wp-content\/uploads\/2023\/03\/cropped-transtelfavicon.png","contentUrl":"https:\/\/transtelsa.com\/wp-content\/uploads\/2023\/03\/cropped-transtelfavicon.png","width":512,"height":512,"caption":"Transtel SA"},"image":{"@id":"https:\/\/transtelsa.com\/#\/schema\/logo\/image\/"},"sameAs":["https:\/\/www.facebook.com\/transtelsa","https:\/\/www.instagram.com\/transtelsa\/","https:\/\/www.linkedin.com\/company\/transtel-sa\/","https:\/\/www.youtube.com\/@transtelsa"]}]}},"_links":{"self":[{"href":"https:\/\/transtelsa.com\/pt-pt\/wp-json\/wp\/v2\/pages\/3802","targetHints":{"allow":["GET"]}}],"collection":[{"href":"https:\/\/transtelsa.com\/pt-pt\/wp-json\/wp\/v2\/pages"}],"about":[{"href":"https:\/\/transtelsa.com\/pt-pt\/wp-json\/wp\/v2\/types\/page"}],"author":[{"embeddable":true,"href":"https:\/\/transtelsa.com\/pt-pt\/wp-json\/wp\/v2\/users\/1"}],"replies":[{"embeddable":true,"href":"https:\/\/transtelsa.com\/pt-pt\/wp-json\/wp\/v2\/comments?post=3802"}],"version-history":[{"count":3,"href":"https:\/\/transtelsa.com\/pt-pt\/wp-json\/wp\/v2\/pages\/3802\/revisions"}],"predecessor-version":[{"id":3889,"href":"https:\/\/transtelsa.com\/pt-pt\/wp-json\/wp\/v2\/pages\/3802\/revisions\/3889"}],"wp:attachment":[{"href":"https:\/\/transtelsa.com\/pt-pt\/wp-json\/wp\/v2\/media?parent=3802"}],"curies":[{"name":"wp","href":"https:\/\/api.w.org\/{rel}","templated":true}]}}