{"id":3803,"date":"2022-11-14T08:21:08","date_gmt":"2022-11-14T08:21:08","guid":{"rendered":"https:\/\/transtelsa.com\/?page_id=3803"},"modified":"2024-02-28T09:48:32","modified_gmt":"2024-02-28T09:48:32","slug":"politica-de-cookies","status":"publish","type":"page","link":"https:\/\/transtelsa.com\/ca\/politica-de-cookies\/","title":{"rendered":"Pol\u00edtica de Cookies"},"content":{"rendered":"<div class=\"wpb-content-wrapper\"><p>[vc_row el_class=&#8221;padding-mid-top,padding-mid-bottom&#8221; css=&#8221;.vc_custom_1680185269860{background-color: #aa182c !important;}&#8221;][vc_column width=&#8221;5\/6&#8243;][vc_column_text el_class=&#8221;color-blanco&#8221;]<\/p>\n<h1><strong>POL\u00cdTICA DE COOKIES.<\/strong><\/h1>\n<p>[\/vc_column_text][\/vc_column][vc_column width=&#8221;1\/6&#8243;][\/vc_column][\/vc_row][vc_row el_class=&#8221;padding-row-bottom,padding-row-top&#8221;][vc_column][vc_column_text el_class=&#8221;&#8221;]<\/p>\n<p class=\"p1\">El nostre lloc web <a href=\"http:\/\/www.piscinasoyc.com\"><span class=\"s1\">www.transtelsa.com<\/span><\/a> utilitza una tecnologia anomenada \u201ccookies\u201d amb la finalitat de poder demanar informaci\u00f3 sobre l&#8217;\u00fas que realitza l&#8217;usuari de la p\u00e0gina web amb l&#8217;objectiu d&#8217;analitzar els seus h\u00e0bits de navegaci\u00f3 per facilitar-li la mateixa i poder distingir-ho d&#8217;altres usuaris.<\/p>\n<p class=\"p1\">En compliment del que preveu l&#8217;article 22.2 de la Llei 34\/2002, d&#8217;11 de juliol, de Serveis de la Societat de la Informaci\u00f3 i de Comer\u00e7 Electr\u00f2nic, aquesta Pol\u00edtica de Cookies t\u00e9 com a finalitat informar l&#8217;usuari sobre la pol\u00edtica de recollida i tractament de cookies.<\/p>\n<p class=\"p1\">Qu\u00e8 s\u00f3n les galetes?<\/p>\n<p class=\"p1\">Les galetes s\u00f3n petits fitxers de text que contenen una s\u00e8rie de car\u00e0cters que s&#8217;envien al vostre explorador des del servidor d&#8217;un lloc web. La galeta pot tenir un identificador \u00fanic per\u00f2 no cont\u00e9 informaci\u00f3 d&#8217;identificaci\u00f3 personal, com ara el vostre nom o adre\u00e7a de correu electr\u00f2nic. TRANSTEL S.A. podeu utilitzar cookies quan visiteu el vostre lloc web o visiteu altres llocs web on TRANSTEL S.A. es publicita. L&#8217;explorador d&#8217;Internet de l&#8217;usuari d&#8217;aquesta p\u00e0gina web emmagatzema la galeta al disc dur del vostre equip inform\u00e0tic i el lloc web hi pot accedir durant la vostra propera visita.<span class=\"Apple-converted-space\">\u00a0 <\/span> Altres llocs web tamb\u00e9 poden enviar cookies al vostre explorador per\u00f2 aquest no permetr\u00e0 que aquests llocs web vegin la informaci\u00f3 de la galeta de TRANSTEL S.A.<\/p>\n<p class=\"p1\">Cookies utilitzades en aquest lloc web:<\/p>\n<p class=\"p1\">D&#8217;una banda, aquest lloc web utilitza cookies pr\u00f2pies t\u00e8cniques per a les quals no cal l&#8217;obtenci\u00f3 del consentiment de l&#8217;usuari, ja que estan excloses de l&#8217;\u00e0mbit d&#8217;aplicaci\u00f3 de l&#8217;art. 22.2 de la Llei 34\/2002, de 11 de juliol, de Serveis de la Societat de la Informaci\u00f3 i de Comer\u00e7 Electr\u00f2nic.<\/p>\n<p class=\"p1\">No obstant aix\u00f2, aquest lloc web tamb\u00e9 t\u00e9 instal\u00b7lades cookies que requereixen el consentiment expr\u00e9s dels usuaris. A continuaci\u00f3, seguint les directrius de l&#8217;Ag\u00e8ncia Espanyola de Protecci\u00f3 de Dades, procedim a detallar l&#8217;\u00fas de cookies mitjan\u00e7ant la identificaci\u00f3 i explicant-ne la tipologia i la funci\u00f3, per tal d&#8217;informar-vos amb la m\u00e0xima exactitud possible.<\/p>\n<p class=\"p1\">\u2022 Llista sense ordre Aquest lloc web utilitza les cookies pr\u00f2pies:<\/p>\n<ul class=\"ul1\">\n<li class=\"li1\">T\u00e8cniques<\/li>\n<li class=\"li1\">De Prefer\u00e8ncies<\/li>\n<li class=\"li1\">D&#8217;an\u00e0lisi<\/li>\n<\/ul>\n<p class=\"p1\">Aquest lloc web utilitza galetes comportamentals amb finalitats publicit\u00e0ries.<\/p>\n<p class=\"p1\">Gr\u00e0cies a les cookies, \u00e9s possible que es pugui recon\u00e8ixer el navegador de l&#8217;ordinador utilitzat per l&#8217;Usuari amb la finalitat de facilitar continguts i oferir les prefer\u00e8ncies de navegaci\u00f3 o publicit\u00e0ries que l&#8217;Usuari, als perfils demogr\u00e0fics de els Usuaris, aix\u00ed com per mesurar les visites i par\u00e0metres del tr\u00e0nsit, controlar el progr\u00e9s i el nombre d&#8217;entrades.<\/p>\n<p class=\"p1\">En acceptar la instal\u00b7laci\u00f3 de les cookies, s&#8217;instal\u00b7laran totes les cookies necess\u00e0ries per al funcionament de la web i per al seguiment anal\u00edtic de la mateixa.<\/p>\n<p class=\"p1\">Aquestes galetes estan 100% anonimitzades i no contenen informaci\u00f3 de cap tipus que es pugui utilitzar per relacionar una dada i un usuari real. Aix\u00ed mateix, aquestes galetes no poden ser utilitzades per fer discriminaci\u00f3 de cap tipus ni de navegaci\u00f3 ni publicit\u00e0ria.<\/p>\n<p class=\"p1\">Desactivaci\u00f3 o eliminaci\u00f3 de cookies<\/p>\n<p class=\"p1\">No recomanats que restringeixi o bloquegi cookies, ja que aix\u00f2 pot afectar el funcionament i la qualitat dels nostres serveis i llocs web i, per tant, la seva experi\u00e8ncia pot resultar menys satisfact\u00f2ria. Tot i aix\u00f2, en qualsevol moment, l&#8217;usuari podr\u00e0 exercir el seu dret de desactivaci\u00f3 o eliminaci\u00f3 de cookies d&#8217;aquest lloc web, bloquejant-les o deshabilitant-les en modificar la configuraci\u00f3 de les opcions del navegador instal\u00b7lat al seu ordinador, el qual us permetr\u00e0 rebutjar la instal\u00b7laci\u00f3 de totes o algunes de les galetes.<\/p>\n<p class=\"p1\">Els navegadors web s\u00f3n les eines encarregades d&#8217;emmagatzemar les cookies i des d&#8217;aquest lloc \u00e9s on l&#8217;usuari ha d&#8217;exercitar el dret a eliminar o desactivar-les. Per tant, TRANSTEL S.A. no pot garantir la correcta manipulaci\u00f3 de les cookies per part dels navegadors que hem fet esment.<\/p>\n<p class=\"p1\">A continuaci\u00f3, podeu accedir a la configuraci\u00f3 dels navegadors webs m\u00e9s freq\u00fcents per acceptar, instal\u00b7lar o desactivar les cookies:<\/p>\n<p class=\"p1\">Chrome:https:\/\/www.google.es\/intl\/es\/policies\/technologies\/managing\/<\/p>\n<p class=\"p1\">Explorer:http:\/\/windows.microsoft.com\/ca-ca\/windows7\/how-to-manage-cookies-ininternet-explorer-9<\/p>\n<p class=\"p1\">Firefox:http:\/\/support.mozilla.org\/ca\/kb\/habilitar-y-deshabilitar-cookies-que-lossitios-we<\/p>\n<p class=\"p1\">Safari:http:\/\/support.apple.com\/kb\/ph5042<\/p>\n<p class=\"p1\">Opera:http:\/\/www.opera.com\/help\/tutorials\/security\/privacy\/<\/p>\n<p class=\"p1\">Si no voleu ser rastrejat per les galetes de Google Analytics, Google ha desenvolupat un complement per instal\u00b7lar al vostre navegador al qual podeu accedir al seg\u00fcent enlla\u00e7: http:\/\/goo.gl\/up4ND<\/ p><\/p>\n<p class=\"p1\">Ni aquesta web, ni els seus representants legals es fan responsables ni del contingut ni de la veracitat de les pol\u00edtiques de privadesa que puguin tenir els tercers esmentats en aquesta pol\u00edtica de cookies.<\/p>\n<p class=\"p1\">Canvis a la pol\u00edtica de cookies<\/p>\n<p class=\"p1\">\u00c9s possible que aquesta Pol\u00edtica de Cookies pateixi modificacions en un futur, per aix\u00f2 \u00e9s aconsellable que cada vegada que l&#8217;usuari accedeixi a aquesta p\u00e0gina web, consulteu novament aquesta pol\u00edtica amb l&#8217;objectiu d&#8217;estar informat adequadament sobre les actualitzacions que s&#8217;han produ\u00eft.<\/p>\n<p class=\"p1\">Contacte<\/p>\n<p class=\"p1\">Si teniu qualsevol dubte, comentari o suggeriment sobre la nostra Pol\u00edtica de Cookies, no dubteu a posar-vos en contacte amb nosaltres a trav\u00e9s de la seg\u00fcent adre\u00e7a de correu electr\u00f2nic administracion2@transtelsa.com<\/p>\n<p class=\"p1\">Banner d&#8217;advert\u00e8ncia d&#8217;\u00fas de galetes:<\/p>\n<p class=\"p1\">Ens obliguen a molestar-te amb l&#8217;obvietat que aquesta web utilitza <b>Cookies<\/b> amb finalitats anal\u00edtiques. Una galeta \u00e9s un petit fitxer de text d&#8217;un lloc web que s&#8217;emmagatzema temporalment al disc dur. Les cookies del nostre lloc web no recullen cap dada personal teva. Fent clic a ACCEPTAR, consenteixes l&#8217;\u00fas de totes les galetes. Per configurar una selecci\u00f3 concreta, premeu CONFIGURACI\u00d3.<\/p>\n<p>Podeu accedir a les vostres dades mitjan\u00e7ant <a class=\"wt-cli-element cli_settings_button\" tabindex=\"0\" role=\"button\">Acc\u00e9s a cookies<\/a>[\/vc_column_text][\/vc_column][\/vc_row]<\/p>\n<\/div>","protected":false},"excerpt":{"rendered":"<p>[vc_row el_class=&#8221;padding-mid-top,padding-mid-bottom&#8221; css=&#8221;.vc_custom_1680185269860{background-color: #aa182c !important;}&#8221;][vc_column width=&#8221;5\/6&#8243;][vc_column_text el_class=&#8221;color-blanco&#8221;] POL\u00cdTICA DE COOKIES. [\/vc_column_text][\/vc_column][vc_column width=&#8221;1\/6&#8243;][\/vc_column][\/vc_row][vc_row el_class=&#8221;padding-row-bottom,padding-row-top&#8221;][vc_column][vc_column_text el_class=&#8221;&#8221;] El nostre lloc web www.transtelsa.com utilitza una tecnologia anomenada \u201ccookies\u201d amb la finalitat de poder demanar informaci\u00f3 sobre l&#8217;\u00fas que realitza l&#8217;usuari de la p\u00e0gina web amb l&#8217;objectiu d&#8217;analitzar els seus h\u00e0bits de navegaci\u00f3 per facilitar-li la mateixa i poder distingir-ho [&hellip;]<\/p>\n","protected":false},"author":1,"featured_media":0,"parent":0,"menu_order":0,"comment_status":"closed","ping_status":"closed","template":"","meta":{"_acf_changed":false,"footnotes":""},"class_list":["post-3803","page","type-page","status-publish","hentry"],"acf":[],"yoast_head":"<!-- This site is optimized with the Yoast SEO plugin v26.9 - https:\/\/yoast.com\/product\/yoast-seo-wordpress\/ -->\n<title>Pol\u00edtica de Cookies - Transtel<\/title>\n<meta name=\"robots\" content=\"index, follow, max-snippet:-1, max-image-preview:large, max-video-preview:-1\" \/>\n<link rel=\"canonical\" href=\"https:\/\/transtelsa.com\/politica-de-cookies\/\" \/>\n<meta property=\"og:locale\" content=\"ca_ES\" \/>\n<meta property=\"og:type\" content=\"article\" \/>\n<meta property=\"og:title\" content=\"Pol\u00edtica de Cookies - Transtel\" \/>\n<meta property=\"og:description\" content=\"[vc_row el_class=&#8221;padding-mid-top,padding-mid-bottom&#8221; css=&#8221;.vc_custom_1680185269860{background-color: #aa182c !important;}&#8221;][vc_column width=&#8221;5\/6&#8243;][vc_column_text el_class=&#8221;color-blanco&#8221;] POL\u00cdTICA DE COOKIES. [\/vc_column_text][\/vc_column][vc_column width=&#8221;1\/6&#8243;][\/vc_column][\/vc_row][vc_row el_class=&#8221;padding-row-bottom,padding-row-top&#8221;][vc_column][vc_column_text el_class=&#8221;&#8221;] El nostre lloc web www.transtelsa.com utilitza una tecnologia anomenada \u201ccookies\u201d amb la finalitat de poder demanar informaci\u00f3 sobre l&#8217;\u00fas que realitza l&#8217;usuari de la p\u00e0gina web amb l&#8217;objectiu d&#8217;analitzar els seus h\u00e0bits de navegaci\u00f3 per facilitar-li la mateixa i poder distingir-ho [&hellip;]\" \/>\n<meta property=\"og:url\" content=\"https:\/\/transtelsa.com\/politica-de-cookies\/\" \/>\n<meta property=\"og:site_name\" content=\"Transtel\" \/>\n<meta property=\"article:publisher\" content=\"https:\/\/www.facebook.com\/transtelsa\" \/>\n<meta property=\"article:modified_time\" content=\"2024-02-28T09:48:32+00:00\" \/>\n<meta name=\"twitter:card\" content=\"summary_large_image\" \/>\n<meta name=\"twitter:label1\" content=\"Temps estimat de lectura\" \/>\n\t<meta name=\"twitter:data1\" content=\"5 minuts\" \/>\n<script type=\"application\/ld+json\" class=\"yoast-schema-graph\">{\"@context\":\"https:\/\/schema.org\",\"@graph\":[{\"@type\":\"WebPage\",\"@id\":\"https:\/\/transtelsa.com\/politica-de-cookies\/\",\"url\":\"https:\/\/transtelsa.com\/politica-de-cookies\/\",\"name\":\"Pol\u00edtica de Cookies - Transtel\",\"isPartOf\":{\"@id\":\"https:\/\/transtelsa.com\/#website\"},\"datePublished\":\"2022-11-14T08:21:08+00:00\",\"dateModified\":\"2024-02-28T09:48:32+00:00\",\"inLanguage\":\"ca\",\"potentialAction\":[{\"@type\":\"ReadAction\",\"target\":[\"https:\/\/transtelsa.com\/politica-de-cookies\/\"]}]},{\"@type\":\"WebSite\",\"@id\":\"https:\/\/transtelsa.com\/#website\",\"url\":\"https:\/\/transtelsa.com\/\",\"name\":\"Transtel SA\",\"description\":\"\u27a1\ufe0f Lloguer i Renting de Vehicles Industrials | Transtel SA\",\"publisher\":{\"@id\":\"https:\/\/transtelsa.com\/#organization\"},\"potentialAction\":[{\"@type\":\"SearchAction\",\"target\":{\"@type\":\"EntryPoint\",\"urlTemplate\":\"https:\/\/transtelsa.com\/?s={search_term_string}\"},\"query-input\":{\"@type\":\"PropertyValueSpecification\",\"valueRequired\":true,\"valueName\":\"search_term_string\"}}],\"inLanguage\":\"ca\"},{\"@type\":\"Organization\",\"@id\":\"https:\/\/transtelsa.com\/#organization\",\"name\":\"Transtel SA\",\"url\":\"https:\/\/transtelsa.com\/\",\"logo\":{\"@type\":\"ImageObject\",\"inLanguage\":\"ca\",\"@id\":\"https:\/\/transtelsa.com\/#\/schema\/logo\/image\/\",\"url\":\"https:\/\/transtelsa.com\/wp-content\/uploads\/2023\/03\/cropped-transtelfavicon.png\",\"contentUrl\":\"https:\/\/transtelsa.com\/wp-content\/uploads\/2023\/03\/cropped-transtelfavicon.png\",\"width\":512,\"height\":512,\"caption\":\"Transtel SA\"},\"image\":{\"@id\":\"https:\/\/transtelsa.com\/#\/schema\/logo\/image\/\"},\"sameAs\":[\"https:\/\/www.facebook.com\/transtelsa\",\"https:\/\/www.instagram.com\/transtelsa\/\",\"https:\/\/www.linkedin.com\/company\/transtel-sa\/\",\"https:\/\/www.youtube.com\/@transtelsa\"]}]}<\/script>\n<!-- \/ Yoast SEO plugin. -->","yoast_head_json":{"title":"Pol\u00edtica de Cookies - Transtel","robots":{"index":"index","follow":"follow","max-snippet":"max-snippet:-1","max-image-preview":"max-image-preview:large","max-video-preview":"max-video-preview:-1"},"canonical":"https:\/\/transtelsa.com\/politica-de-cookies\/","og_locale":"ca_ES","og_type":"article","og_title":"Pol\u00edtica de Cookies - Transtel","og_description":"[vc_row el_class=&#8221;padding-mid-top,padding-mid-bottom&#8221; css=&#8221;.vc_custom_1680185269860{background-color: #aa182c !important;}&#8221;][vc_column width=&#8221;5\/6&#8243;][vc_column_text el_class=&#8221;color-blanco&#8221;] POL\u00cdTICA DE COOKIES. [\/vc_column_text][\/vc_column][vc_column width=&#8221;1\/6&#8243;][\/vc_column][\/vc_row][vc_row el_class=&#8221;padding-row-bottom,padding-row-top&#8221;][vc_column][vc_column_text el_class=&#8221;&#8221;] El nostre lloc web www.transtelsa.com utilitza una tecnologia anomenada \u201ccookies\u201d amb la finalitat de poder demanar informaci\u00f3 sobre l&#8217;\u00fas que realitza l&#8217;usuari de la p\u00e0gina web amb l&#8217;objectiu d&#8217;analitzar els seus h\u00e0bits de navegaci\u00f3 per facilitar-li la mateixa i poder distingir-ho [&hellip;]","og_url":"https:\/\/transtelsa.com\/politica-de-cookies\/","og_site_name":"Transtel","article_publisher":"https:\/\/www.facebook.com\/transtelsa","article_modified_time":"2024-02-28T09:48:32+00:00","twitter_card":"summary_large_image","twitter_misc":{"Temps estimat de lectura":"5 minuts"},"schema":{"@context":"https:\/\/schema.org","@graph":[{"@type":"WebPage","@id":"https:\/\/transtelsa.com\/politica-de-cookies\/","url":"https:\/\/transtelsa.com\/politica-de-cookies\/","name":"Pol\u00edtica de Cookies - Transtel","isPartOf":{"@id":"https:\/\/transtelsa.com\/#website"},"datePublished":"2022-11-14T08:21:08+00:00","dateModified":"2024-02-28T09:48:32+00:00","inLanguage":"ca","potentialAction":[{"@type":"ReadAction","target":["https:\/\/transtelsa.com\/politica-de-cookies\/"]}]},{"@type":"WebSite","@id":"https:\/\/transtelsa.com\/#website","url":"https:\/\/transtelsa.com\/","name":"Transtel SA","description":"\u27a1\ufe0f Lloguer i Renting de Vehicles Industrials | Transtel SA","publisher":{"@id":"https:\/\/transtelsa.com\/#organization"},"potentialAction":[{"@type":"SearchAction","target":{"@type":"EntryPoint","urlTemplate":"https:\/\/transtelsa.com\/?s={search_term_string}"},"query-input":{"@type":"PropertyValueSpecification","valueRequired":true,"valueName":"search_term_string"}}],"inLanguage":"ca"},{"@type":"Organization","@id":"https:\/\/transtelsa.com\/#organization","name":"Transtel SA","url":"https:\/\/transtelsa.com\/","logo":{"@type":"ImageObject","inLanguage":"ca","@id":"https:\/\/transtelsa.com\/#\/schema\/logo\/image\/","url":"https:\/\/transtelsa.com\/wp-content\/uploads\/2023\/03\/cropped-transtelfavicon.png","contentUrl":"https:\/\/transtelsa.com\/wp-content\/uploads\/2023\/03\/cropped-transtelfavicon.png","width":512,"height":512,"caption":"Transtel SA"},"image":{"@id":"https:\/\/transtelsa.com\/#\/schema\/logo\/image\/"},"sameAs":["https:\/\/www.facebook.com\/transtelsa","https:\/\/www.instagram.com\/transtelsa\/","https:\/\/www.linkedin.com\/company\/transtel-sa\/","https:\/\/www.youtube.com\/@transtelsa"]}]}},"_links":{"self":[{"href":"https:\/\/transtelsa.com\/ca\/wp-json\/wp\/v2\/pages\/3803","targetHints":{"allow":["GET"]}}],"collection":[{"href":"https:\/\/transtelsa.com\/ca\/wp-json\/wp\/v2\/pages"}],"about":[{"href":"https:\/\/transtelsa.com\/ca\/wp-json\/wp\/v2\/types\/page"}],"author":[{"embeddable":true,"href":"https:\/\/transtelsa.com\/ca\/wp-json\/wp\/v2\/users\/1"}],"replies":[{"embeddable":true,"href":"https:\/\/transtelsa.com\/ca\/wp-json\/wp\/v2\/comments?post=3803"}],"version-history":[{"count":3,"href":"https:\/\/transtelsa.com\/ca\/wp-json\/wp\/v2\/pages\/3803\/revisions"}],"predecessor-version":[{"id":3887,"href":"https:\/\/transtelsa.com\/ca\/wp-json\/wp\/v2\/pages\/3803\/revisions\/3887"}],"wp:attachment":[{"href":"https:\/\/transtelsa.com\/ca\/wp-json\/wp\/v2\/media?parent=3803"}],"curies":[{"name":"wp","href":"https:\/\/api.w.org\/{rel}","templated":true}]}}